{"id":3478,"date":"2023-01-20T23:12:14","date_gmt":"2023-01-20T23:12:14","guid":{"rendered":"http:\/\/www.mdg-bc.pt\/?page_id=3478"},"modified":"2023-01-20T23:21:50","modified_gmt":"2023-01-20T23:21:50","slug":"elementor-3478","status":"publish","type":"page","link":"http:\/\/www.mdg-bc.pt\/","title":{"rendered":"Coming Soon"},"content":{"rendered":"\t\t<div data-elementor-type=\"wp-page\" data-elementor-id=\"3478\" class=\"elementor elementor-3478\">\n\t\t\t\t\t\t\t\t\t<section class=\"elementor-section elementor-top-section elementor-element elementor-element-6471a2c8 elementor-section-full_width elementor-reverse-tablet elementor-reverse-mobile elementor-section-height-default elementor-section-height-default\" data-id=\"6471a2c8\" data-element_type=\"section\">\n\t\t\t\t\t\t<div class=\"elementor-container elementor-column-gap-no\">\n\t\t\t\t\t<div class=\"elementor-column elementor-col-100 elementor-top-column elementor-element elementor-element-14f8b553\" data-id=\"14f8b553\" data-element_type=\"column\">\n\t\t\t<div class=\"elementor-widget-wrap elementor-element-populated\">\n\t\t\t\t\t\t\t\t<section class=\"elementor-section elementor-inner-section elementor-element elementor-element-127a035f elementor-section-height-min-height elementor-section-boxed elementor-section-height-default\" data-id=\"127a035f\" data-element_type=\"section\">\n\t\t\t\t\t\t<div class=\"elementor-container elementor-column-gap-no\">\n\t\t\t\t\t<div class=\"elementor-column elementor-col-100 elementor-inner-column elementor-element elementor-element-1b7e79d3\" data-id=\"1b7e79d3\" data-element_type=\"column\">\n\t\t\t<div class=\"elementor-widget-wrap elementor-element-populated\">\n\t\t\t\t\t\t\t\t<div class=\"elementor-element elementor-element-b7a47b4 elementor-widget elementor-widget-image\" data-id=\"b7a47b4\" data-element_type=\"widget\" data-widget_type=\"image.default\">\n\t\t\t\t<div class=\"elementor-widget-container\">\n\t\t\t<style>\/*! elementor - v3.9.2 - 21-12-2022 *\/\n.elementor-widget-image{text-align:center}.elementor-widget-image a{display:inline-block}.elementor-widget-image a img[src$=\".svg\"]{width:48px}.elementor-widget-image img{vertical-align:middle;display:inline-block}<\/style>\t\t\t\t\t\t\t\t\t\t\t\t<img width=\"580\" height=\"195\" src=\"http:\/\/www.mdg-bc.pt\/wp-content\/uploads\/2022\/04\/LOGO-MDG-1024x345.png\" class=\"attachment-large size-large wp-image-3155\" alt=\"\" loading=\"lazy\" srcset=\"http:\/\/www.mdg-bc.pt\/wp-content\/uploads\/2022\/04\/LOGO-MDG-1024x345.png 1024w, http:\/\/www.mdg-bc.pt\/wp-content\/uploads\/2022\/04\/LOGO-MDG-300x101.png 300w, http:\/\/www.mdg-bc.pt\/wp-content\/uploads\/2022\/04\/LOGO-MDG-768x259.png 768w, http:\/\/www.mdg-bc.pt\/wp-content\/uploads\/2022\/04\/LOGO-MDG-1200x404.png 1200w, http:\/\/www.mdg-bc.pt\/wp-content\/uploads\/2022\/04\/LOGO-MDG.png 1362w\" sizes=\"(max-width: 580px) 100vw, 580px\" \/>\t\t\t\t\t\t\t\t\t\t\t\t\t\t\t<\/div>\n\t\t\t\t<\/div>\n\t\t\t\t<div class=\"elementor-element elementor-element-67edb0a5 elementor-invisible elementor-widget elementor-widget-heading\" data-id=\"67edb0a5\" data-element_type=\"widget\" data-settings=\"{&quot;_animation&quot;:&quot;fadeIn&quot;}\" data-widget_type=\"heading.default\">\n\t\t\t\t<div class=\"elementor-widget-container\">\n\t\t\t<style>\/*! elementor - v3.9.2 - 21-12-2022 *\/\n.elementor-heading-title{padding:0;margin:0;line-height:1}.elementor-widget-heading .elementor-heading-title[class*=elementor-size-]>a{color:inherit;font-size:inherit;line-height:inherit}.elementor-widget-heading .elementor-heading-title.elementor-size-small{font-size:15px}.elementor-widget-heading .elementor-heading-title.elementor-size-medium{font-size:19px}.elementor-widget-heading .elementor-heading-title.elementor-size-large{font-size:29px}.elementor-widget-heading .elementor-heading-title.elementor-size-xl{font-size:39px}.elementor-widget-heading .elementor-heading-title.elementor-size-xxl{font-size:59px}<\/style><h1 class=\"elementor-heading-title elementor-size-default\">Estamos a melhorar o website.<\/h1>\t\t<\/div>\n\t\t\t\t<\/div>\n\t\t\t\t<div class=\"elementor-element elementor-element-230678b4 elementor-invisible elementor-widget elementor-widget-text-editor\" data-id=\"230678b4\" data-element_type=\"widget\" data-settings=\"{&quot;_animation&quot;:&quot;fadeIn&quot;,&quot;_animation_delay&quot;:&quot;200&quot;}\" data-widget_type=\"text-editor.default\">\n\t\t\t\t<div class=\"elementor-widget-container\">\n\t\t\t<style>\/*! elementor - v3.9.2 - 21-12-2022 *\/\n.elementor-widget-text-editor.elementor-drop-cap-view-stacked .elementor-drop-cap{background-color:#818a91;color:#fff}.elementor-widget-text-editor.elementor-drop-cap-view-framed .elementor-drop-cap{color:#818a91;border:3px solid;background-color:transparent}.elementor-widget-text-editor:not(.elementor-drop-cap-view-default) .elementor-drop-cap{margin-top:8px}.elementor-widget-text-editor:not(.elementor-drop-cap-view-default) .elementor-drop-cap-letter{width:1em;height:1em}.elementor-widget-text-editor .elementor-drop-cap{float:left;text-align:center;line-height:1;font-size:50px}.elementor-widget-text-editor .elementor-drop-cap-letter{display:inline-block}<\/style>\t\t\t\t<p>Estamos a fazer altera\u00e7\u00f5es ao website para que se sinta mais confort\u00e1vel na hora de procurar a MDG.<\/p><p>Agradecemos a compreens\u00e3o e prometemos ser breves.<\/p>\t\t\t\t\t\t<\/div>\n\t\t\t\t<\/div>\n\t\t\t\t\t<\/div>\n\t\t<\/div>\n\t\t\t\t\t\t\t<\/div>\n\t\t<\/section>\n\t\t\t\t<div class=\"elementor-element elementor-element-39fc1ee1 e-grid-align-tablet-center e-grid-align-mobile-center elementor-shape-rounded elementor-grid-0 e-grid-align-center elementor-widget elementor-widget-social-icons\" data-id=\"39fc1ee1\" data-element_type=\"widget\" data-widget_type=\"social-icons.default\">\n\t\t\t\t<div class=\"elementor-widget-container\">\n\t\t\t<style>\/*! elementor - v3.9.2 - 21-12-2022 *\/\n.elementor-widget-social-icons.elementor-grid-0 .elementor-widget-container,.elementor-widget-social-icons.elementor-grid-mobile-0 .elementor-widget-container,.elementor-widget-social-icons.elementor-grid-tablet-0 .elementor-widget-container{line-height:1;font-size:0}.elementor-widget-social-icons:not(.elementor-grid-0):not(.elementor-grid-tablet-0):not(.elementor-grid-mobile-0) .elementor-grid{display:inline-grid}.elementor-widget-social-icons .elementor-grid{grid-column-gap:var(--grid-column-gap,5px);grid-row-gap:var(--grid-row-gap,5px);grid-template-columns:var(--grid-template-columns);justify-content:var(--justify-content,center);justify-items:var(--justify-content,center)}.elementor-icon.elementor-social-icon{font-size:var(--icon-size,25px);line-height:var(--icon-size,25px);width:calc(var(--icon-size, 25px) + (2 * var(--icon-padding, .5em)));height:calc(var(--icon-size, 25px) + (2 * var(--icon-padding, .5em)))}.elementor-social-icon{--e-social-icon-icon-color:#fff;display:inline-flex;background-color:#818a91;align-items:center;justify-content:center;text-align:center;cursor:pointer}.elementor-social-icon i{color:var(--e-social-icon-icon-color)}.elementor-social-icon svg{fill:var(--e-social-icon-icon-color)}.elementor-social-icon:last-child{margin:0}.elementor-social-icon:hover{opacity:.9;color:#fff}.elementor-social-icon-android{background-color:#a4c639}.elementor-social-icon-apple{background-color:#999}.elementor-social-icon-behance{background-color:#1769ff}.elementor-social-icon-bitbucket{background-color:#205081}.elementor-social-icon-codepen{background-color:#000}.elementor-social-icon-delicious{background-color:#39f}.elementor-social-icon-deviantart{background-color:#05cc47}.elementor-social-icon-digg{background-color:#005be2}.elementor-social-icon-dribbble{background-color:#ea4c89}.elementor-social-icon-elementor{background-color:#d30c5c}.elementor-social-icon-envelope{background-color:#ea4335}.elementor-social-icon-facebook,.elementor-social-icon-facebook-f{background-color:#3b5998}.elementor-social-icon-flickr{background-color:#0063dc}.elementor-social-icon-foursquare{background-color:#2d5be3}.elementor-social-icon-free-code-camp,.elementor-social-icon-freecodecamp{background-color:#006400}.elementor-social-icon-github{background-color:#333}.elementor-social-icon-gitlab{background-color:#e24329}.elementor-social-icon-globe{background-color:#818a91}.elementor-social-icon-google-plus,.elementor-social-icon-google-plus-g{background-color:#dd4b39}.elementor-social-icon-houzz{background-color:#7ac142}.elementor-social-icon-instagram{background-color:#262626}.elementor-social-icon-jsfiddle{background-color:#487aa2}.elementor-social-icon-link{background-color:#818a91}.elementor-social-icon-linkedin,.elementor-social-icon-linkedin-in{background-color:#0077b5}.elementor-social-icon-medium{background-color:#00ab6b}.elementor-social-icon-meetup{background-color:#ec1c40}.elementor-social-icon-mixcloud{background-color:#273a4b}.elementor-social-icon-odnoklassniki{background-color:#f4731c}.elementor-social-icon-pinterest{background-color:#bd081c}.elementor-social-icon-product-hunt{background-color:#da552f}.elementor-social-icon-reddit{background-color:#ff4500}.elementor-social-icon-rss{background-color:#f26522}.elementor-social-icon-shopping-cart{background-color:#4caf50}.elementor-social-icon-skype{background-color:#00aff0}.elementor-social-icon-slideshare{background-color:#0077b5}.elementor-social-icon-snapchat{background-color:#fffc00}.elementor-social-icon-soundcloud{background-color:#f80}.elementor-social-icon-spotify{background-color:#2ebd59}.elementor-social-icon-stack-overflow{background-color:#fe7a15}.elementor-social-icon-steam{background-color:#00adee}.elementor-social-icon-stumbleupon{background-color:#eb4924}.elementor-social-icon-telegram{background-color:#2ca5e0}.elementor-social-icon-thumb-tack{background-color:#1aa1d8}.elementor-social-icon-tripadvisor{background-color:#589442}.elementor-social-icon-tumblr{background-color:#35465c}.elementor-social-icon-twitch{background-color:#6441a5}.elementor-social-icon-twitter{background-color:#1da1f2}.elementor-social-icon-viber{background-color:#665cac}.elementor-social-icon-vimeo{background-color:#1ab7ea}.elementor-social-icon-vk{background-color:#45668e}.elementor-social-icon-weibo{background-color:#dd2430}.elementor-social-icon-weixin{background-color:#31a918}.elementor-social-icon-whatsapp{background-color:#25d366}.elementor-social-icon-wordpress{background-color:#21759b}.elementor-social-icon-xing{background-color:#026466}.elementor-social-icon-yelp{background-color:#af0606}.elementor-social-icon-youtube{background-color:#cd201f}.elementor-social-icon-500px{background-color:#0099e5}.elementor-shape-rounded .elementor-icon.elementor-social-icon{border-radius:10%}.elementor-shape-circle .elementor-icon.elementor-social-icon{border-radius:50%}<\/style>\t\t<div class=\"elementor-social-icons-wrapper elementor-grid\">\n\t\t\t\t\t\t\t<span class=\"elementor-grid-item\">\n\t\t\t\t\t<a class=\"elementor-icon elementor-social-icon elementor-social-icon- elementor-repeater-item-ae2c3c1\" href=\"https:\/\/www.instagram.com\/mdg.business\/\" target=\"_blank\">\n\t\t\t\t\t\t<span class=\"elementor-screen-only\"><\/span>\n\t\t\t\t\t\t<svg xmlns=\"http:\/\/www.w3.org\/2000\/svg\" id=\"a5b66522-2d0b-4d2b-9ca0-25f662c860cf\" data-name=\"Layer 1\" viewBox=\"0 0 26 26\"><g id=\"b72f5698-1c43-4a08-8b57-8ac749a07216\" data-name=\"Page-1\"><g id=\"f731df14-8d9a-4002-8f9a-a848309208fa\" data-name=\"Homepage\"><g id=\"bdfa7f62-b961-47b8-873b-1fb70dc137d1\" data-name=\"Sticky-Social-Icons\"><g id=\"f7176559-406d-4faa-b9a3-f0818c0693ca\" data-name=\"Group-5\"><path id=\"e8aaf532-0893-42c1-aea8-a21edf8137c2\" data-name=\"Fill-1\" d=\"M23.1073,4.3306A1.4446,1.4446,0,1,0,21.663,5.7791a1.45,1.45,0,0,0,1.4443-1.4485ZM13.01,5.7807a7.2151,7.2151,0,1,0,7.208,7.2146A7.2075,7.2075,0,0,0,13.01,5.7807ZM25.9918,13.12c0,1.9159.022,3.8322-.006,5.7476a7.2237,7.2237,0,0,1-5.399,6.8873,6.8057,6.8057,0,0,1-1.7214.2295c-3.9072.0017-7.8149.0427-11.7212-.0132a6.97,6.97,0,0,1-6.27-3.7959,6.7,6.7,0,0,1-.8578-3.3476c-.0046-3.8968-.04-7.794.0115-11.69A6.97,6.97,0,0,1,3.7357.9106a6.867,6.867,0,0,1,3.53-.907c3.8819.001,7.764-.0125,11.6456.0071a6.8893,6.8893,0,0,1,4.5545,1.7279A7.03,7.03,0,0,1,25.8718,5.93a7.7869,7.7869,0,0,1,.1155,1.3339c.012,1.9519.0052,3.904.0052,5.8559Z\" transform=\"translate(0 0)\" style=\"fill-rule:evenodd\"><\/path><path id=\"ae30d5b5-b0cd-4931-87e3-deb52029baa9\" data-name=\"Fill-3\" d=\"M12.9971,8.3571a4.6429,4.6429,0,1,1-4.64,4.6445,4.6422,4.6422,0,0,1,4.64-4.6445\" transform=\"translate(0 0)\" style=\"fill-rule:evenodd\"><\/path><\/g><\/g><\/g><\/g><\/svg>\t\t\t\t\t<\/a>\n\t\t\t\t<\/span>\n\t\t\t\t\t\t\t<span class=\"elementor-grid-item\">\n\t\t\t\t\t<a class=\"elementor-icon elementor-social-icon elementor-social-icon-facebook-f elementor-repeater-item-abc2e09\" href=\"https:\/\/www.facebook.com\/profile.php?id=100064084602248\" target=\"_blank\">\n\t\t\t\t\t\t<span class=\"elementor-screen-only\">Facebook-f<\/span>\n\t\t\t\t\t\t<i class=\"fab fa-facebook-f\"><\/i>\t\t\t\t\t<\/a>\n\t\t\t\t<\/span>\n\t\t\t\t\t<\/div>\n\t\t\t\t<\/div>\n\t\t\t\t<\/div>\n\t\t\t\t\t<\/div>\n\t\t<\/div>\n\t\t\t\t\t\t\t<\/div>\n\t\t<\/section>\n\t\t\t\t<section class=\"elementor-section elementor-top-section elementor-element elementor-element-861ebd5 elementor-section-height-min-height elementor-section-boxed elementor-section-height-default elementor-section-items-middle\" data-id=\"861ebd5\" data-element_type=\"section\">\n\t\t\t\t\t\t<div class=\"elementor-container elementor-column-gap-default\">\n\t\t\t\t\t<div class=\"elementor-column elementor-col-100 elementor-top-column elementor-element elementor-element-dded20c\" data-id=\"dded20c\" data-element_type=\"column\">\n\t\t\t<div class=\"elementor-widget-wrap elementor-element-populated\">\n\t\t\t\t\t\t\t\t<div class=\"elementor-element elementor-element-2369375 elementor-widget elementor-widget-heading\" data-id=\"2369375\" data-element_type=\"widget\" data-widget_type=\"heading.default\">\n\t\t\t\t<div class=\"elementor-widget-container\">\n\t\t\t<h2 class=\"elementor-heading-title elementor-size-default\">MDG \u2013 Bussiness Consulting 2022 \u00a9 Todos os Direitos Reservados. Design by .Carva<\/h2>\t\t<\/div>\n\t\t\t\t<\/div>\n\t\t\t\t\t<\/div>\n\t\t<\/div>\n\t\t\t\t\t\t\t<\/div>\n\t\t<\/section>\n\t\t\t\t\t\t\t<\/div>\n\t\t","protected":false},"excerpt":{"rendered":"<p>Estamos a melhorar o website. Estamos a fazer altera\u00e7\u00f5es ao website para que se sinta mais confort\u00e1vel na hora de procurar a MDG. Agradecemos a compreens\u00e3o e prometemos ser breves. Facebook-f MDG \u2013 Bussiness Consulting 2022 \u00a9 Todos os Direitos Reservados. Design by .Carva<\/p>\n","protected":false},"author":1,"featured_media":0,"parent":0,"menu_order":0,"comment_status":"closed","ping_status":"closed","template":"elementor_canvas","meta":[],"yoast_head":"<!-- This site is optimized with the Yoast SEO plugin v19.4 - https:\/\/yoast.com\/wordpress\/plugins\/seo\/ -->\n<title>Coming Soon - MDG Business Consulting<\/title>\n<meta name=\"robots\" content=\"index, follow, max-snippet:-1, max-image-preview:large, max-video-preview:-1\" \/>\n<link rel=\"canonical\" href=\"http:\/\/www.mdg-bc.pt\/\" \/>\n<meta property=\"og:locale\" content=\"pt_PT\" \/>\n<meta property=\"og:type\" content=\"article\" \/>\n<meta property=\"og:title\" content=\"Coming Soon - MDG Business Consulting\" \/>\n<meta property=\"og:description\" content=\"Estamos a melhorar o website. Estamos a fazer altera\u00e7\u00f5es ao website para que se sinta mais confort\u00e1vel na hora de procurar a MDG. Agradecemos a compreens\u00e3o e prometemos ser breves. Facebook-f MDG \u2013 Bussiness Consulting 2022 \u00a9 Todos os Direitos Reservados. Design by .Carva\" \/>\n<meta property=\"og:url\" content=\"http:\/\/www.mdg-bc.pt\/\" \/>\n<meta property=\"og:site_name\" content=\"MDG Business Consulting\" \/>\n<meta property=\"article:publisher\" content=\"https:\/\/www.facebook.com\/MDG-116350013828227\" \/>\n<meta property=\"article:modified_time\" content=\"2023-01-20T23:21:50+00:00\" \/>\n<meta property=\"og:image\" content=\"http:\/\/www.mdg-bc.pt\/wp-content\/uploads\/2022\/04\/LOGO-MDG-1024x345.png\" \/>\n<meta name=\"twitter:card\" content=\"summary_large_image\" \/>\n<script type=\"application\/ld+json\" class=\"yoast-schema-graph\">{\"@context\":\"https:\/\/schema.org\",\"@graph\":[{\"@type\":\"Organization\",\"@id\":\"http:\/\/www.mdg-bc.pt\/#organization\",\"name\":\"MDG Business Consulting\",\"url\":\"http:\/\/www.mdg-bc.pt\/\",\"sameAs\":[\"https:\/\/www.instagram.com\/mdg.business\/\",\"https:\/\/www.facebook.com\/MDG-116350013828227\"],\"logo\":{\"@type\":\"ImageObject\",\"inLanguage\":\"pt-PT\",\"@id\":\"http:\/\/www.mdg-bc.pt\/#\/schema\/logo\/image\/\",\"url\":\"http:\/\/www.mdg-bc.pt\/wp-content\/uploads\/2022\/01\/mdg_business_consulting.png\",\"contentUrl\":\"http:\/\/www.mdg-bc.pt\/wp-content\/uploads\/2022\/01\/mdg_business_consulting.png\",\"width\":1126,\"height\":400,\"caption\":\"MDG Business Consulting\"},\"image\":{\"@id\":\"http:\/\/www.mdg-bc.pt\/#\/schema\/logo\/image\/\"}},{\"@type\":\"WebSite\",\"@id\":\"http:\/\/www.mdg-bc.pt\/#website\",\"url\":\"http:\/\/www.mdg-bc.pt\/\",\"name\":\"MDG Business Consulting\",\"description\":\"\",\"publisher\":{\"@id\":\"http:\/\/www.mdg-bc.pt\/#organization\"},\"potentialAction\":[{\"@type\":\"SearchAction\",\"target\":{\"@type\":\"EntryPoint\",\"urlTemplate\":\"http:\/\/www.mdg-bc.pt\/?s={search_term_string}\"},\"query-input\":\"required name=search_term_string\"}],\"inLanguage\":\"pt-PT\"},{\"@type\":\"WebPage\",\"@id\":\"http:\/\/www.mdg-bc.pt\/\",\"url\":\"http:\/\/www.mdg-bc.pt\/\",\"name\":\"Coming Soon - MDG Business Consulting\",\"isPartOf\":{\"@id\":\"http:\/\/www.mdg-bc.pt\/#website\"},\"datePublished\":\"2023-01-20T23:12:14+00:00\",\"dateModified\":\"2023-01-20T23:21:50+00:00\",\"breadcrumb\":{\"@id\":\"http:\/\/www.mdg-bc.pt\/#breadcrumb\"},\"inLanguage\":\"pt-PT\",\"potentialAction\":[{\"@type\":\"ReadAction\",\"target\":[\"http:\/\/www.mdg-bc.pt\/\"]}]},{\"@type\":\"BreadcrumbList\",\"@id\":\"http:\/\/www.mdg-bc.pt\/#breadcrumb\",\"itemListElement\":[{\"@type\":\"ListItem\",\"position\":1,\"name\":\"In\u00edcio\",\"item\":\"http:\/\/www.mdg-bc.pt\/\"},{\"@type\":\"ListItem\",\"position\":2,\"name\":\"Coming Soon\"}]}]}<\/script>\n<!-- \/ Yoast SEO plugin. -->","yoast_head_json":{"title":"Coming Soon - MDG Business Consulting","robots":{"index":"index","follow":"follow","max-snippet":"max-snippet:-1","max-image-preview":"max-image-preview:large","max-video-preview":"max-video-preview:-1"},"canonical":"http:\/\/www.mdg-bc.pt\/","og_locale":"pt_PT","og_type":"article","og_title":"Coming Soon - MDG Business Consulting","og_description":"Estamos a melhorar o website. Estamos a fazer altera\u00e7\u00f5es ao website para que se sinta mais confort\u00e1vel na hora de procurar a MDG. Agradecemos a compreens\u00e3o e prometemos ser breves. Facebook-f MDG \u2013 Bussiness Consulting 2022 \u00a9 Todos os Direitos Reservados. Design by .Carva","og_url":"http:\/\/www.mdg-bc.pt\/","og_site_name":"MDG Business Consulting","article_publisher":"https:\/\/www.facebook.com\/MDG-116350013828227","article_modified_time":"2023-01-20T23:21:50+00:00","og_image":[{"url":"http:\/\/www.mdg-bc.pt\/wp-content\/uploads\/2022\/04\/LOGO-MDG-1024x345.png"}],"twitter_card":"summary_large_image","schema":{"@context":"https:\/\/schema.org","@graph":[{"@type":"Organization","@id":"http:\/\/www.mdg-bc.pt\/#organization","name":"MDG Business Consulting","url":"http:\/\/www.mdg-bc.pt\/","sameAs":["https:\/\/www.instagram.com\/mdg.business\/","https:\/\/www.facebook.com\/MDG-116350013828227"],"logo":{"@type":"ImageObject","inLanguage":"pt-PT","@id":"http:\/\/www.mdg-bc.pt\/#\/schema\/logo\/image\/","url":"http:\/\/www.mdg-bc.pt\/wp-content\/uploads\/2022\/01\/mdg_business_consulting.png","contentUrl":"http:\/\/www.mdg-bc.pt\/wp-content\/uploads\/2022\/01\/mdg_business_consulting.png","width":1126,"height":400,"caption":"MDG Business Consulting"},"image":{"@id":"http:\/\/www.mdg-bc.pt\/#\/schema\/logo\/image\/"}},{"@type":"WebSite","@id":"http:\/\/www.mdg-bc.pt\/#website","url":"http:\/\/www.mdg-bc.pt\/","name":"MDG Business Consulting","description":"","publisher":{"@id":"http:\/\/www.mdg-bc.pt\/#organization"},"potentialAction":[{"@type":"SearchAction","target":{"@type":"EntryPoint","urlTemplate":"http:\/\/www.mdg-bc.pt\/?s={search_term_string}"},"query-input":"required name=search_term_string"}],"inLanguage":"pt-PT"},{"@type":"WebPage","@id":"http:\/\/www.mdg-bc.pt\/","url":"http:\/\/www.mdg-bc.pt\/","name":"Coming Soon - MDG Business Consulting","isPartOf":{"@id":"http:\/\/www.mdg-bc.pt\/#website"},"datePublished":"2023-01-20T23:12:14+00:00","dateModified":"2023-01-20T23:21:50+00:00","breadcrumb":{"@id":"http:\/\/www.mdg-bc.pt\/#breadcrumb"},"inLanguage":"pt-PT","potentialAction":[{"@type":"ReadAction","target":["http:\/\/www.mdg-bc.pt\/"]}]},{"@type":"BreadcrumbList","@id":"http:\/\/www.mdg-bc.pt\/#breadcrumb","itemListElement":[{"@type":"ListItem","position":1,"name":"In\u00edcio","item":"http:\/\/www.mdg-bc.pt\/"},{"@type":"ListItem","position":2,"name":"Coming Soon"}]}]}},"_links":{"self":[{"href":"http:\/\/www.mdg-bc.pt\/index.php\/wp-json\/wp\/v2\/pages\/3478"}],"collection":[{"href":"http:\/\/www.mdg-bc.pt\/index.php\/wp-json\/wp\/v2\/pages"}],"about":[{"href":"http:\/\/www.mdg-bc.pt\/index.php\/wp-json\/wp\/v2\/types\/page"}],"author":[{"embeddable":true,"href":"http:\/\/www.mdg-bc.pt\/index.php\/wp-json\/wp\/v2\/users\/1"}],"replies":[{"embeddable":true,"href":"http:\/\/www.mdg-bc.pt\/index.php\/wp-json\/wp\/v2\/comments?post=3478"}],"version-history":[{"count":4,"href":"http:\/\/www.mdg-bc.pt\/index.php\/wp-json\/wp\/v2\/pages\/3478\/revisions"}],"predecessor-version":[{"id":3486,"href":"http:\/\/www.mdg-bc.pt\/index.php\/wp-json\/wp\/v2\/pages\/3478\/revisions\/3486"}],"wp:attachment":[{"href":"http:\/\/www.mdg-bc.pt\/index.php\/wp-json\/wp\/v2\/media?parent=3478"}],"curies":[{"name":"wp","href":"https:\/\/api.w.org\/{rel}","templated":true}]}}